{"id":294,"date":"2021-02-23T17:01:50","date_gmt":"2021-02-23T17:01:50","guid":{"rendered":"https:\/\/www.quintadapintassilga.pt\/?page_id=294"},"modified":"2021-04-06T17:34:00","modified_gmt":"2021-04-06T17:34:00","slug":"termos-e-condicoes","status":"publish","type":"page","link":"https:\/\/www.quintadapintassilga.pt\/pt-pt\/termos-e-condicoes\/","title":{"rendered":"Termos e Condi\u00e7\u00f5es"},"content":{"rendered":"\t\t<div data-elementor-type=\"wp-page\" data-elementor-id=\"294\" class=\"elementor elementor-294\" data-elementor-post-type=\"page\">\n\t\t\t\t\t\t<section class=\"elementor-section elementor-top-section elementor-element elementor-element-45297169 elementor-section-stretched elementor-section-boxed elementor-section-height-default elementor-section-height-default\" data-id=\"45297169\" data-element_type=\"section\" data-e-type=\"section\" data-settings=\"{&quot;stretch_section&quot;:&quot;section-stretched&quot;,&quot;background_background&quot;:&quot;classic&quot;}\">\n\t\t\t\t\t\t\t<div class=\"elementor-background-overlay\"><\/div>\n\t\t\t\t\t\t\t<div class=\"elementor-container elementor-column-gap-default\">\n\t\t\t\t\t<div class=\"elementor-column elementor-col-100 elementor-top-column elementor-element elementor-element-168dab1b\" data-id=\"168dab1b\" data-element_type=\"column\" data-e-type=\"column\">\n\t\t\t<div class=\"elementor-widget-wrap elementor-element-populated\">\n\t\t\t\t\t\t<div class=\"elementor-element elementor-element-4878afba elementor-widget elementor-widget-heading\" data-id=\"4878afba\" data-element_type=\"widget\" data-e-type=\"widget\" data-widget_type=\"heading.default\">\n\t\t\t\t<div class=\"elementor-widget-container\">\n\t\t\t\t\t<h1 class=\"elementor-heading-title elementor-size-xxl\">Termos e Condi\u00e7\u00f5es<\/h1>\t\t\t\t<\/div>\n\t\t\t\t<\/div>\n\t\t\t\t\t<\/div>\n\t\t<\/div>\n\t\t\t\t\t<\/div>\n\t\t<\/section>\n\t\t\t\t<section class=\"elementor-section elementor-top-section elementor-element elementor-element-226dbe2d elementor-section-stretched elementor-section-boxed elementor-section-height-default elementor-section-height-default\" data-id=\"226dbe2d\" data-element_type=\"section\" data-e-type=\"section\" data-settings=\"{&quot;background_background&quot;:&quot;classic&quot;,&quot;stretch_section&quot;:&quot;section-stretched&quot;}\">\n\t\t\t\t\t\t<div class=\"elementor-container elementor-column-gap-default\">\n\t\t\t\t\t<div class=\"elementor-column elementor-col-100 elementor-top-column elementor-element elementor-element-54fb0fd9\" data-id=\"54fb0fd9\" data-element_type=\"column\" data-e-type=\"column\" data-settings=\"{&quot;background_background&quot;:&quot;classic&quot;}\">\n\t\t\t<div class=\"elementor-widget-wrap elementor-element-populated\">\n\t\t\t\t\t\t<div class=\"elementor-element elementor-element-041172c elementor-widget elementor-widget-text-editor\" data-id=\"041172c\" data-element_type=\"widget\" data-e-type=\"widget\" data-widget_type=\"text-editor.default\">\n\t\t\t\t<div class=\"elementor-widget-container\">\n\t\t\t\t\t\t\t\t\t<p><span style=\"color: #000000;\"><b>RESERVAS E PAGAMENTO<\/b><\/span><\/p><p><span style=\"font-weight: 400;\">Todas as estadas s\u00e3o pr\u00e9-pagas: 50% do valor no acto da reserva e os restantes 50% no m\u00e1ximo nos 14 dias anteriores \u00e0 data de check-in.<\/span><\/p><p><span style=\"font-weight: 400;\">Os pagamentos devem ser feitos atrav\u00e9s do sistema de pagamentos seguro <\/span><i><span style=\"font-weight: 400;\">SiteMinder Payments<\/span><\/i><\/p><p><span style=\"font-weight: 400;\">oferecido no nosso <\/span><i><span style=\"font-weight: 400;\">website<\/span><\/i><span style=\"font-weight: 400;\">.\u00a0<\/span><\/p><p><span style=\"font-weight: 400;\">Para pagamentos por transfer\u00eancia banc\u00e1ria devem ser solicitados os dados banc\u00e1rios para transfer\u00eancia atrav\u00e9s do e-mail <\/span><a href=\"mailto:info@quintadapintassilga.pt\"><span style=\"font-weight: 400;\">info@quintadapintassilga.pt<\/span><\/a><span style=\"font-weight: 400;\"> devendo ser enviado comprovativo pela mesma via.\u00a0<\/span><\/p><p><span style=\"font-weight: 400;\">Em caso da n\u00e3o regulariza\u00e7\u00e3o dos pagamentos nos 14 dias anteriores \u00e0 data de check-in, poder\u00e1 ser possibilitado o pagamento atrav\u00e9s de cart\u00e3o de cr\u00e9dito no check-in. Contudo, a Quinta da Pintassilga reserva-se o direito de cancelar a reserva enviado notifica\u00e7\u00e3o respectiva por e-mail.<\/span><\/p><p>\u00a0<\/p><p><span style=\"color: #000000;\"><b>POL\u00cdTICA DE CANCELAMENTO:<\/b><\/span><\/p><p><span style=\"font-weight: 400;\">Os cancelamentos devem ser formalizados por e-mail para <\/span><a href=\"mailto:info@quintadapintassilga.pt\"><span style=\"font-weight: 400;\">info@quintadapintassilga.pt<\/span><\/a><span style=\"font-weight: 400;\"> devendo-o ser indicado no assunto da mensagem juntamente com a refer\u00eancia da reserva.<\/span><\/p><p><span style=\"font-weight: 400;\">Aplicam-se as seguintes penaliza\u00e7\u00f5es:\u00a0<\/span><\/p><p><span style=\"font-weight: 400;\">Sem penaliza\u00e7\u00e3o (reembolso completo) para cancelamentos feitos at\u00e9 48 horas ap\u00f3s a reserva, se faltarem pelo menos 60 dias para a data de check-in.<\/span><\/p><p><span style=\"font-weight: 400;\">Aos cancelamentos at\u00e9 30 dias antes da data de check-in ser\u00e3o cobrados 50% do valor da estadia.<\/span><\/p><p><span style=\"font-weight: 400;\">Aos cancelamentos ap\u00f3s 30 dias antes da data de check-in ser\u00e3o cobrados 100% do valor da estadia.<\/span><\/p><p><span style=\"font-weight: 400;\">N\u00e3o se efectuam reembolsos para \u201cno show\u201d, vouchers, cancelamento de voos, atrasos ou erros na reserva.<\/span><\/p><p><span style=\"font-weight: 400;\">A Quinta da Pintassilga reserve-se o direito de modificar, alterar ou substituir o servi\u00e7o contratado, total ou parcialmente, sempre que for necess\u00e1rio ou recomendado e sempre por motivos maiores. Nesse caso ser\u00e1 oferecida a melhor alternativa.<\/span><\/p><p><span style=\"font-weight: 400;\">Caso o motivo do cancelamento seja relacionado com a Covid-19, ser\u00e1 oferecido um voucher para usufruto em data a acordar, mediante prova do motivo do cancelamento.<\/span><\/p><p>\u00a0<\/p><p><span style=\"color: #000000;\"><b>ENTRADAS E SA\u00cdDAS<\/b><\/span><\/p><p><span style=\"font-weight: 400;\">Check-in: Entre as 16h e as 20h do dia de chegada<\/span><\/p><p><span style=\"font-weight: 400;\">Check-out: at\u00e9 \u00e0s 11h do dia da partida<\/span><\/p><p><span style=\"font-weight: 400;\">A hora de chegada deve ser previamente comunicada de modo a permitir a organiza\u00e7\u00e3o do check-in e a entrega de chave. Em caso de chegada antes da hora de check-in, possibilitamos o armazenamento de bagagem.<\/span><\/p><p><span style=\"font-weight: 400;\">A chave e comando do port\u00e3o dever\u00e3o ser entregues ao propriet\u00e1rio, ou algu\u00e9m em sua representa\u00e7\u00e3o, aquando do checkout.<\/span><\/p><p><span style=\"font-weight: 400;\">A n\u00e3o liberta\u00e7\u00e3o da casa antes da hora limite para check-out incorre num custo correspondente a uma noite.<\/span><\/p><p>\u00a0<\/p><p><span style=\"color: #000000;\"><b>N\u00daMERO DE OCUPANTES:<\/b><\/span><\/p><p><span style=\"font-weight: 400;\">O pre\u00e7o estabelecido pressup\u00f5e a ocupa\u00e7\u00e3o conforme indicado no site:<\/span><\/p><p><span style=\"font-weight: 400;\">Casa do Armaz\u00e9m: 4 pessoas<\/span><\/p><p><span style=\"font-weight: 400;\">Casa dos Caseiros: 4 pessoas<\/span><\/p><p><span style=\"font-weight: 400;\">Casa das Oliveiras: 2 pessoas<\/span><\/p><p><span style=\"font-weight: 400;\">Caso seja necess\u00e1rio deve ser comunicada por e-mail para <\/span><a href=\"mailto:info@quintadapintassilga.pt\"><span style=\"font-weight: 400;\">info@quintadapintassilga.pt<\/span><\/a><span style=\"font-weight: 400;\"> a necessidade ou inten\u00e7\u00e3o para ocupa\u00e7\u00e3o com h\u00f3spedes adicionais.<\/span><\/p><p><span style=\"font-weight: 400;\">A Casa dos Caseiros e a Casa das Oliveiras disp\u00f5em de sof\u00e1-cama com capacidade para duas pessoas.\u00a0<\/span><\/p><p><span style=\"font-weight: 400;\">\u00c9 poss\u00edvel facultar camas extra.\u00a0<\/span><\/p><p><span style=\"font-weight: 400;\">Por cada h\u00f3spede adicional acresce o valor de 75.00 \u20ac por noite.<\/span><\/p><p>\u00a0<\/p><p><span style=\"color: #000000;\"><b>ANIMAIS<\/b><\/span><\/p><p><span style=\"font-weight: 400;\">N\u00e3o s\u00e3o permitidos animais de estima\u00e7\u00e3o.<\/span><\/p><p>\u00a0<\/p><p><span style=\"color: #000000;\"><b>ESTACIONAMENTO<\/b><\/span><\/p><p><span style=\"font-weight: 400;\">\u00c9 disponibilizado estacionamento gratuito na Quinta da Pintassilga. O h\u00f3spedes devem respeitar o local indicado para estacionamento.<\/span><\/p><p>\u00a0<\/p><p><span style=\"color: #000000;\"><b>UTILIZA\u00c7\u00c3O RESPONS\u00c1VEL<\/b><\/span><\/p><p><span style=\"font-weight: 400;\">\u00c9 dever de quem aluga cada casa, zelar pela sua boa utiliza\u00e7\u00e3o e estado de conserva\u00e7\u00e3o, bem como de todo o seu equipamento e mobili\u00e1rio.<\/span><\/p><p><span style=\"font-weight: 400;\">Quaisquer danos ou anomalias, dever\u00e3o ser\u00a0 comunicados; dever\u00e3o ser assumidos quaisquer preju\u00edzos causados.<\/span><\/p><p><span style=\"font-weight: 400;\">No acto do checkout, os h\u00f3spedes dever\u00e3o garantir a arruma\u00e7\u00e3o das casas, deixando-as como as encontraram no ato de check-in.<\/span><\/p><p>\u00a0<\/p><p><span style=\"color: #000000;\"><b>LIXO<\/b><\/span><\/p><p><span style=\"font-weight: 400;\">N\u00e3o h\u00e1 recolha de lixo.<\/span><\/p><p><span style=\"font-weight: 400;\">\u00c9 da responsabilidade de cada h\u00f3spede, a separa\u00e7\u00e3o do lixo de acordo com o tipo de res\u00edduos, bem como a remo\u00e7\u00e3o do lixo di\u00e1rio da respetiva casa e a sua coloca\u00e7\u00e3o num ecoponto (ver mapa de localiza\u00e7\u00e3o).<\/span><\/p><p>\u00a0<\/p><p><span style=\"color: #000000;\"><b>PISCINA<\/b><\/span><\/p><p><span style=\"font-weight: 400;\">A piscina \u00e9 n\u00e3o vigiada e de utiliza\u00e7\u00e3o comum a todos os h\u00f3spedes e propriet\u00e1rios.<\/span><\/p><p><span style=\"font-weight: 400;\">A piscina pode ser utilizada entre as 8h30 e as 20h00.\u00a0<\/span><\/p><p><span style=\"font-weight: 400;\">A sua utiliza\u00e7\u00e3o dever\u00e1 ser feita de forma cuidadosa e democr\u00e1tica, com respeito pelos outros utilizadores e salvaguardando as regras de distanciamento social.<\/span><\/p><p><span style=\"font-weight: 400;\">Devido \u00e0 sua baixa profundidade, est\u00e3o proibidos mergulhos da plataforma envolvente para a piscina. Tamb\u00e9m n\u00e3o s\u00e3o permitidas corridas nem brincadeiras que aumentem a probabilidade de incidentes.<\/span><\/p><p><span style=\"font-weight: 400;\">A perman\u00eancia na plataforma elevada da piscina apenas deve ser feita durante o acesso de entrada e sa\u00edda da piscina; a perman\u00eancia para banhos de sol deve ser feita exclusivamente na \u00e1rea envolvente para o efeito ou nos sol\u00e1rios de cada casa.<\/span><\/p><p><span style=\"font-weight: 400;\">As crian\u00e7as devem ser acompanhadas por respons\u00e1vel maior.<\/span><\/p><p><span style=\"font-weight: 400;\">A Quinta da Pintassilga desresponsabiliza-se que quaisquer incidentes que possam ocorrer na piscina por m\u00e1 conduta dos seus h\u00f3spedes e\/ou n\u00e3o cumprimento das regras.<\/span><\/p><p>\u00a0<\/p><p><span style=\"color: #000000;\"><b>DEVER DE BOA CONDUTA<\/b><\/span><\/p><p><span style=\"font-weight: 400;\">\u00c9 dever do nosso hospede cumprir rigorosamente a Lei do Sil\u00eancio, ou seja; a partir das 22h toda a gente tem direito ao descanso absoluto.<\/span><\/p><p><span style=\"font-weight: 400;\">Utilizar exclusivamente o lugar de estacionamento que lhe \u00e9 destinado<\/span><\/p><p><span style=\"font-weight: 400;\">Fazer um uso racional de consumos de \u00e1gua e luz, bem como da utiliza\u00e7\u00e3o dos equipamentos que tem \u00e0 sua disposi\u00e7\u00e3o<\/span><\/p><p><span style=\"font-weight: 400;\">N\u00e3o \u00e9 permitida a realiza\u00e7\u00e3o de festas\u00a0<\/span><\/p><p><span style=\"font-weight: 400;\">Cumprir as regras de utiliza\u00e7\u00e3o das casas e dos espa\u00e7os comuns.<\/span><\/p><p><span style=\"font-weight: 400;\">O propriet\u00e1rio reserva-se o direito de em situa\u00e7\u00f5es consideradas faltas graves, recorrer ao cancelamento da estadia.<\/span><\/p><p>\u00a0<\/p><p><span style=\"color: #000000;\"><b>RECLAMA\u00c7\u00d5ES<\/b><\/span><b> <\/b><span style=\"font-weight: 400;\"><br \/><\/span><\/p><p><span style=\"font-weight: 400;\">Qualquer reclama\u00e7\u00e3o ou recomenda\u00e7\u00e3o deve ser comunicada com a maior brevidade.\u00a0<\/span><\/p><p><span style=\"font-weight: 400;\">Est\u00e1 dispon\u00edvel livro oficial de reclama\u00e7\u00f5es.<\/span><\/p><p>\u00a0<\/p><p><span style=\"color: #000000;\"><b>TERMO DE RESPONSABILIDADE<\/b><\/span><\/p><p><span style=\"font-weight: 400;\">A Quinta da Pintassilga, os seus propriet\u00e1rios e empregados n\u00e3o assumem qualquer responsabilidade por perdas ou danos, eventuais doen\u00e7as, ou morte ou por qualquer incidente envolvendo os h\u00f3spedes ou seus visitantes durante a sua estadia na Quinta da Pintassilga, ou na desloca\u00e7\u00e3o de e\/ou para a mesma.<\/span><\/p>\t\t\t\t\t\t\t\t<\/div>\n\t\t\t\t<\/div>\n\t\t\t\t\t<\/div>\n\t\t<\/div>\n\t\t\t\t\t<\/div>\n\t\t<\/section>\n\t\t\t\t<section class=\"elementor-section elementor-top-section elementor-element elementor-element-799a2266 elementor-section-boxed elementor-section-height-default elementor-section-height-default\" data-id=\"799a2266\" data-element_type=\"section\" data-e-type=\"section\">\n\t\t\t\t\t\t<div class=\"elementor-container elementor-column-gap-default\">\n\t\t\t\t\t\t<\/div>\n\t\t<\/section>\n\t\t\t\t<\/div>\n\t\t","protected":false},"excerpt":{"rendered":"<p>Termos e Condi\u00e7\u00f5es RESERVAS E PAGAMENTO Todas as estadas s\u00e3o pr\u00e9-pagas: 50% do valor no acto da reserva e os restantes 50% no m\u00e1ximo nos 14 dias anteriores \u00e0 data de check-in. Os pagamentos devem ser feitos atrav\u00e9s do sistema de pagamentos seguro SiteMinder Payments oferecido no nosso website.\u00a0 Para pagamentos por transfer\u00eancia banc\u00e1ria devem [&hellip;]<\/p>\n","protected":false},"author":1,"featured_media":0,"parent":0,"menu_order":0,"comment_status":"closed","ping_status":"closed","template":"","meta":{"footnotes":""},"class_list":["post-294","page","type-page","status-publish","hentry"],"yoast_head":"<!-- This site is optimized with the Yoast SEO plugin v26.9 - https:\/\/yoast.com\/product\/yoast-seo-wordpress\/ -->\n<title>Termos e Condi\u00e7\u00f5es - Quinta da Pintassilga<\/title>\n<meta name=\"robots\" content=\"index, follow, max-snippet:-1, max-image-preview:large, max-video-preview:-1\" \/>\n<link rel=\"canonical\" href=\"https:\/\/www.quintadapintassilga.pt\/pt-pt\/termos-e-condicoes\/\" \/>\n<meta property=\"og:locale\" content=\"pt_PT\" \/>\n<meta property=\"og:type\" content=\"article\" \/>\n<meta property=\"og:title\" content=\"Termos e Condi\u00e7\u00f5es - Quinta da Pintassilga\" \/>\n<meta property=\"og:description\" content=\"Termos e Condi\u00e7\u00f5es RESERVAS E PAGAMENTO Todas as estadas s\u00e3o pr\u00e9-pagas: 50% do valor no acto da reserva e os restantes 50% no m\u00e1ximo nos 14 dias anteriores \u00e0 data de check-in. Os pagamentos devem ser feitos atrav\u00e9s do sistema de pagamentos seguro SiteMinder Payments oferecido no nosso website.\u00a0 Para pagamentos por transfer\u00eancia banc\u00e1ria devem [&hellip;]\" \/>\n<meta property=\"og:url\" content=\"https:\/\/www.quintadapintassilga.pt\/pt-pt\/termos-e-condicoes\/\" \/>\n<meta property=\"og:site_name\" content=\"Quinta da Pintassilga\" \/>\n<meta property=\"article:modified_time\" content=\"2021-04-06T17:34:00+00:00\" \/>\n<meta name=\"twitter:card\" content=\"summary_large_image\" \/>\n<meta name=\"twitter:label1\" content=\"Tempo estimado de leitura\" \/>\n\t<meta name=\"twitter:data1\" content=\"4 minutos\" \/>\n<script type=\"application\/ld+json\" class=\"yoast-schema-graph\">{\"@context\":\"https:\/\/schema.org\",\"@graph\":[{\"@type\":\"WebPage\",\"@id\":\"https:\/\/www.quintadapintassilga.pt\/pt-pt\/termos-e-condicoes\/\",\"url\":\"https:\/\/www.quintadapintassilga.pt\/pt-pt\/termos-e-condicoes\/\",\"name\":\"Termos e Condi\u00e7\u00f5es - Quinta da Pintassilga\",\"isPartOf\":{\"@id\":\"https:\/\/www.quintadapintassilga.pt\/pt-pt\/#website\"},\"datePublished\":\"2021-02-23T17:01:50+00:00\",\"dateModified\":\"2021-04-06T17:34:00+00:00\",\"breadcrumb\":{\"@id\":\"https:\/\/www.quintadapintassilga.pt\/pt-pt\/termos-e-condicoes\/#breadcrumb\"},\"inLanguage\":\"pt-PT\",\"potentialAction\":[{\"@type\":\"ReadAction\",\"target\":[\"https:\/\/www.quintadapintassilga.pt\/pt-pt\/termos-e-condicoes\/\"]}]},{\"@type\":\"BreadcrumbList\",\"@id\":\"https:\/\/www.quintadapintassilga.pt\/pt-pt\/termos-e-condicoes\/#breadcrumb\",\"itemListElement\":[{\"@type\":\"ListItem\",\"position\":1,\"name\":\"In\u00edcio\",\"item\":\"https:\/\/www.quintadapintassilga.pt\/pt-pt\/\"},{\"@type\":\"ListItem\",\"position\":2,\"name\":\"Termos e Condi\u00e7\u00f5es\"}]},{\"@type\":\"WebSite\",\"@id\":\"https:\/\/www.quintadapintassilga.pt\/pt-pt\/#website\",\"url\":\"https:\/\/www.quintadapintassilga.pt\/pt-pt\/\",\"name\":\"Quinta da Pintassilga\",\"description\":\"Turismo Rural no Algarve\",\"publisher\":{\"@id\":\"https:\/\/www.quintadapintassilga.pt\/pt-pt\/#organization\"},\"potentialAction\":[{\"@type\":\"SearchAction\",\"target\":{\"@type\":\"EntryPoint\",\"urlTemplate\":\"https:\/\/www.quintadapintassilga.pt\/pt-pt\/?s={search_term_string}\"},\"query-input\":{\"@type\":\"PropertyValueSpecification\",\"valueRequired\":true,\"valueName\":\"search_term_string\"}}],\"inLanguage\":\"pt-PT\"},{\"@type\":\"Organization\",\"@id\":\"https:\/\/www.quintadapintassilga.pt\/pt-pt\/#organization\",\"name\":\"Quinta da Pintassilga\",\"url\":\"https:\/\/www.quintadapintassilga.pt\/pt-pt\/\",\"logo\":{\"@type\":\"ImageObject\",\"inLanguage\":\"pt-PT\",\"@id\":\"https:\/\/www.quintadapintassilga.pt\/pt-pt\/#\/schema\/logo\/image\/\",\"url\":\"https:\/\/www.quintadapintassilga.pt\/wp-content\/uploads\/2021\/04\/Logotipo-Quinta-da-Pintassilga-01.png\",\"contentUrl\":\"https:\/\/www.quintadapintassilga.pt\/wp-content\/uploads\/2021\/04\/Logotipo-Quinta-da-Pintassilga-01.png\",\"width\":700,\"height\":320,\"caption\":\"Quinta da Pintassilga\"},\"image\":{\"@id\":\"https:\/\/www.quintadapintassilga.pt\/pt-pt\/#\/schema\/logo\/image\/\"}}]}<\/script>\n<!-- \/ Yoast SEO plugin. -->","yoast_head_json":{"title":"Termos e Condi\u00e7\u00f5es - Quinta da Pintassilga","robots":{"index":"index","follow":"follow","max-snippet":"max-snippet:-1","max-image-preview":"max-image-preview:large","max-video-preview":"max-video-preview:-1"},"canonical":"https:\/\/www.quintadapintassilga.pt\/pt-pt\/termos-e-condicoes\/","og_locale":"pt_PT","og_type":"article","og_title":"Termos e Condi\u00e7\u00f5es - Quinta da Pintassilga","og_description":"Termos e Condi\u00e7\u00f5es RESERVAS E PAGAMENTO Todas as estadas s\u00e3o pr\u00e9-pagas: 50% do valor no acto da reserva e os restantes 50% no m\u00e1ximo nos 14 dias anteriores \u00e0 data de check-in. Os pagamentos devem ser feitos atrav\u00e9s do sistema de pagamentos seguro SiteMinder Payments oferecido no nosso website.\u00a0 Para pagamentos por transfer\u00eancia banc\u00e1ria devem [&hellip;]","og_url":"https:\/\/www.quintadapintassilga.pt\/pt-pt\/termos-e-condicoes\/","og_site_name":"Quinta da Pintassilga","article_modified_time":"2021-04-06T17:34:00+00:00","twitter_card":"summary_large_image","twitter_misc":{"Tempo estimado de leitura":"4 minutos"},"schema":{"@context":"https:\/\/schema.org","@graph":[{"@type":"WebPage","@id":"https:\/\/www.quintadapintassilga.pt\/pt-pt\/termos-e-condicoes\/","url":"https:\/\/www.quintadapintassilga.pt\/pt-pt\/termos-e-condicoes\/","name":"Termos e Condi\u00e7\u00f5es - Quinta da Pintassilga","isPartOf":{"@id":"https:\/\/www.quintadapintassilga.pt\/pt-pt\/#website"},"datePublished":"2021-02-23T17:01:50+00:00","dateModified":"2021-04-06T17:34:00+00:00","breadcrumb":{"@id":"https:\/\/www.quintadapintassilga.pt\/pt-pt\/termos-e-condicoes\/#breadcrumb"},"inLanguage":"pt-PT","potentialAction":[{"@type":"ReadAction","target":["https:\/\/www.quintadapintassilga.pt\/pt-pt\/termos-e-condicoes\/"]}]},{"@type":"BreadcrumbList","@id":"https:\/\/www.quintadapintassilga.pt\/pt-pt\/termos-e-condicoes\/#breadcrumb","itemListElement":[{"@type":"ListItem","position":1,"name":"In\u00edcio","item":"https:\/\/www.quintadapintassilga.pt\/pt-pt\/"},{"@type":"ListItem","position":2,"name":"Termos e Condi\u00e7\u00f5es"}]},{"@type":"WebSite","@id":"https:\/\/www.quintadapintassilga.pt\/pt-pt\/#website","url":"https:\/\/www.quintadapintassilga.pt\/pt-pt\/","name":"Quinta da Pintassilga","description":"Turismo Rural no Algarve","publisher":{"@id":"https:\/\/www.quintadapintassilga.pt\/pt-pt\/#organization"},"potentialAction":[{"@type":"SearchAction","target":{"@type":"EntryPoint","urlTemplate":"https:\/\/www.quintadapintassilga.pt\/pt-pt\/?s={search_term_string}"},"query-input":{"@type":"PropertyValueSpecification","valueRequired":true,"valueName":"search_term_string"}}],"inLanguage":"pt-PT"},{"@type":"Organization","@id":"https:\/\/www.quintadapintassilga.pt\/pt-pt\/#organization","name":"Quinta da Pintassilga","url":"https:\/\/www.quintadapintassilga.pt\/pt-pt\/","logo":{"@type":"ImageObject","inLanguage":"pt-PT","@id":"https:\/\/www.quintadapintassilga.pt\/pt-pt\/#\/schema\/logo\/image\/","url":"https:\/\/www.quintadapintassilga.pt\/wp-content\/uploads\/2021\/04\/Logotipo-Quinta-da-Pintassilga-01.png","contentUrl":"https:\/\/www.quintadapintassilga.pt\/wp-content\/uploads\/2021\/04\/Logotipo-Quinta-da-Pintassilga-01.png","width":700,"height":320,"caption":"Quinta da Pintassilga"},"image":{"@id":"https:\/\/www.quintadapintassilga.pt\/pt-pt\/#\/schema\/logo\/image\/"}}]}},"_links":{"self":[{"href":"https:\/\/www.quintadapintassilga.pt\/pt-pt\/wp-json\/wp\/v2\/pages\/294","targetHints":{"allow":["GET"]}}],"collection":[{"href":"https:\/\/www.quintadapintassilga.pt\/pt-pt\/wp-json\/wp\/v2\/pages"}],"about":[{"href":"https:\/\/www.quintadapintassilga.pt\/pt-pt\/wp-json\/wp\/v2\/types\/page"}],"author":[{"embeddable":true,"href":"https:\/\/www.quintadapintassilga.pt\/pt-pt\/wp-json\/wp\/v2\/users\/1"}],"replies":[{"embeddable":true,"href":"https:\/\/www.quintadapintassilga.pt\/pt-pt\/wp-json\/wp\/v2\/comments?post=294"}],"version-history":[{"count":0,"href":"https:\/\/www.quintadapintassilga.pt\/pt-pt\/wp-json\/wp\/v2\/pages\/294\/revisions"}],"wp:attachment":[{"href":"https:\/\/www.quintadapintassilga.pt\/pt-pt\/wp-json\/wp\/v2\/media?parent=294"}],"curies":[{"name":"wp","href":"https:\/\/api.w.org\/{rel}","templated":true}]}}